{"id":115,"date":"2026-04-06T02:39:38","date_gmt":"2026-04-06T02:39:38","guid":{"rendered":"https:\/\/navdarlarmobilya.com\/?page_id=115"},"modified":"2026-04-06T02:39:39","modified_gmt":"2026-04-06T02:39:39","slug":"ozel-tasarim","status":"publish","type":"page","link":"https:\/\/navdarlarmobilya.com\/?page_id=115","title":{"rendered":"\u00d6zel Tasar\u0131m"},"content":{"rendered":"\n<p>\u00d6l\u00e7\u00fcye \u00f6zel ve ki\u015fiye \u00f6zel tasar\u0131mlarla hayalinizdeki mobilyay\u0131 \u00fcretiyoruz. Navdarlar Mobilya olarak standart \u00e7\u00f6z\u00fcmlerin \u00f6tesine ge\u00e7iyor, her m\u00fc\u015fterimizin ya\u015fam alan\u0131na ve zevkine uygun \u00f6zg\u00fcn tasar\u0131mlar sunuyoruz. Renk, malzeme ve boyut se\u00e7enekleriyle tamamen size \u00f6zel mobilyalar tasarl\u0131yoruz.<\/p>\n","protected":false},"excerpt":{"rendered":"<p>\u00d6l\u00e7\u00fcye \u00f6zel ve ki\u015fiye \u00f6zel tasar\u0131mlarla hayalinizdeki mobilyay\u0131 \u00fcretiyoruz. Navdarlar Mobilya olarak standart \u00e7\u00f6z\u00fcmlerin \u00f6tesine ge\u00e7iyor, her m\u00fc\u015fterimizin ya\u015fam alan\u0131na ve zevkine uygun \u00f6zg\u00fcn tasar\u0131mlar sunuyoruz. Renk, malzeme ve boyut se\u00e7enekleriyle tamamen size \u00f6zel mobilyalar tasarl\u0131yoruz.<\/p>\n","protected":false},"author":1,"featured_media":0,"parent":0,"menu_order":0,"comment_status":"closed","ping_status":"closed","template":"","meta":{"footnotes":""},"class_list":["post-115","page","type-page","status-publish","hentry"],"_links":{"self":[{"href":"https:\/\/navdarlarmobilya.com\/index.php?rest_route=\/wp\/v2\/pages\/115","targetHints":{"allow":["GET"]}}],"collection":[{"href":"https:\/\/navdarlarmobilya.com\/index.php?rest_route=\/wp\/v2\/pages"}],"about":[{"href":"https:\/\/navdarlarmobilya.com\/index.php?rest_route=\/wp\/v2\/types\/page"}],"author":[{"embeddable":true,"href":"https:\/\/navdarlarmobilya.com\/index.php?rest_route=\/wp\/v2\/users\/1"}],"replies":[{"embeddable":true,"href":"https:\/\/navdarlarmobilya.com\/index.php?rest_route=%2Fwp%2Fv2%2Fcomments&post=115"}],"version-history":[{"count":1,"href":"https:\/\/navdarlarmobilya.com\/index.php?rest_route=\/wp\/v2\/pages\/115\/revisions"}],"predecessor-version":[{"id":116,"href":"https:\/\/navdarlarmobilya.com\/index.php?rest_route=\/wp\/v2\/pages\/115\/revisions\/116"}],"wp:attachment":[{"href":"https:\/\/navdarlarmobilya.com\/index.php?rest_route=%2Fwp%2Fv2%2Fmedia&parent=115"}],"curies":[{"name":"wp","href":"https:\/\/api.w.org\/{rel}","templated":true}]}}