{"id":113,"date":"2026-04-06T02:38:53","date_gmt":"2026-04-06T02:38:53","guid":{"rendered":"https:\/\/navdarlarmobilya.com\/?page_id=113"},"modified":"2026-04-06T02:38:53","modified_gmt":"2026-04-06T02:38:53","slug":"musteri-memnuniyeti","status":"publish","type":"page","link":"https:\/\/navdarlarmobilya.com\/?page_id=113","title":{"rendered":"M\u00fc\u015fteri Memnuniyeti"},"content":{"rendered":"\n<p>Her m\u00fc\u015fterimizin beklentisini kar\u015f\u0131lamak ve a\u015fmak en b\u00fcy\u00fck hedefimizdir. Navdarlar Mobilya olarak sipari\u015f a\u015famas\u0131ndan teslimat ve montaja kadar her ad\u0131mda m\u00fc\u015fterilerimizin yan\u0131nday\u0131z. Memnuniyetiniz bizim ba\u015far\u0131m\u0131zd\u0131r. Y\u00fczlerce mutlu m\u00fc\u015fterimizle b\u00fcy\u00fcmeye devam ediyoruz.<\/p>\n","protected":false},"excerpt":{"rendered":"<p>Her m\u00fc\u015fterimizin beklentisini kar\u015f\u0131lamak ve a\u015fmak en b\u00fcy\u00fck hedefimizdir. Navdarlar Mobilya olarak sipari\u015f a\u015famas\u0131ndan teslimat ve montaja kadar her ad\u0131mda m\u00fc\u015fterilerimizin yan\u0131nday\u0131z. Memnuniyetiniz bizim ba\u015far\u0131m\u0131zd\u0131r. Y\u00fczlerce mutlu m\u00fc\u015fterimizle b\u00fcy\u00fcmeye devam ediyoruz.<\/p>\n","protected":false},"author":1,"featured_media":0,"parent":0,"menu_order":0,"comment_status":"closed","ping_status":"closed","template":"","meta":{"footnotes":""},"class_list":["post-113","page","type-page","status-publish","hentry"],"_links":{"self":[{"href":"https:\/\/navdarlarmobilya.com\/index.php?rest_route=\/wp\/v2\/pages\/113","targetHints":{"allow":["GET"]}}],"collection":[{"href":"https:\/\/navdarlarmobilya.com\/index.php?rest_route=\/wp\/v2\/pages"}],"about":[{"href":"https:\/\/navdarlarmobilya.com\/index.php?rest_route=\/wp\/v2\/types\/page"}],"author":[{"embeddable":true,"href":"https:\/\/navdarlarmobilya.com\/index.php?rest_route=\/wp\/v2\/users\/1"}],"replies":[{"embeddable":true,"href":"https:\/\/navdarlarmobilya.com\/index.php?rest_route=%2Fwp%2Fv2%2Fcomments&post=113"}],"version-history":[{"count":1,"href":"https:\/\/navdarlarmobilya.com\/index.php?rest_route=\/wp\/v2\/pages\/113\/revisions"}],"predecessor-version":[{"id":114,"href":"https:\/\/navdarlarmobilya.com\/index.php?rest_route=\/wp\/v2\/pages\/113\/revisions\/114"}],"wp:attachment":[{"href":"https:\/\/navdarlarmobilya.com\/index.php?rest_route=%2Fwp%2Fv2%2Fmedia&parent=113"}],"curies":[{"name":"wp","href":"https:\/\/api.w.org\/{rel}","templated":true}]}}