{"id":104,"date":"2026-04-06T01:49:40","date_gmt":"2026-04-06T01:49:40","guid":{"rendered":"https:\/\/navdarlarmobilya.com\/?page_id=104"},"modified":"2026-04-06T01:49:40","modified_gmt":"2026-04-06T01:49:40","slug":"banyo-mobilyasi","status":"publish","type":"page","link":"https:\/\/navdarlarmobilya.com\/?page_id=104","title":{"rendered":"Banyo Mobilyas\u0131"},"content":{"rendered":"\n<p>Navdarlar Mobilya olarak modern ve \u015f\u0131k banyo mobilyalar\u0131 sunuyoruz. Su ve neme dayan\u0131kl\u0131 malzemelerle \u00fcretilen banyo mobilyalar\u0131m\u0131z, banyonuzu konforlu ve estetik bir alana d\u00f6n\u00fc\u015ft\u00fcr\u00fcr. Geni\u015f renk ve model se\u00e7enekleriyle her banyoya uygun \u00e7\u00f6z\u00fcmler \u00fcretiyoruz.<\/p>\n","protected":false},"excerpt":{"rendered":"<p>Navdarlar Mobilya olarak modern ve \u015f\u0131k banyo mobilyalar\u0131 sunuyoruz. Su ve neme dayan\u0131kl\u0131 malzemelerle \u00fcretilen banyo mobilyalar\u0131m\u0131z, banyonuzu konforlu ve estetik bir alana d\u00f6n\u00fc\u015ft\u00fcr\u00fcr. Geni\u015f renk ve model se\u00e7enekleriyle her banyoya uygun \u00e7\u00f6z\u00fcmler \u00fcretiyoruz.<\/p>\n","protected":false},"author":1,"featured_media":0,"parent":0,"menu_order":0,"comment_status":"closed","ping_status":"closed","template":"","meta":{"footnotes":""},"class_list":["post-104","page","type-page","status-publish","hentry"],"_links":{"self":[{"href":"https:\/\/navdarlarmobilya.com\/index.php?rest_route=\/wp\/v2\/pages\/104","targetHints":{"allow":["GET"]}}],"collection":[{"href":"https:\/\/navdarlarmobilya.com\/index.php?rest_route=\/wp\/v2\/pages"}],"about":[{"href":"https:\/\/navdarlarmobilya.com\/index.php?rest_route=\/wp\/v2\/types\/page"}],"author":[{"embeddable":true,"href":"https:\/\/navdarlarmobilya.com\/index.php?rest_route=\/wp\/v2\/users\/1"}],"replies":[{"embeddable":true,"href":"https:\/\/navdarlarmobilya.com\/index.php?rest_route=%2Fwp%2Fv2%2Fcomments&post=104"}],"version-history":[{"count":1,"href":"https:\/\/navdarlarmobilya.com\/index.php?rest_route=\/wp\/v2\/pages\/104\/revisions"}],"predecessor-version":[{"id":105,"href":"https:\/\/navdarlarmobilya.com\/index.php?rest_route=\/wp\/v2\/pages\/104\/revisions\/105"}],"wp:attachment":[{"href":"https:\/\/navdarlarmobilya.com\/index.php?rest_route=%2Fwp%2Fv2%2Fmedia&parent=104"}],"curies":[{"name":"wp","href":"https:\/\/api.w.org\/{rel}","templated":true}]}}