{"id":102,"date":"2026-04-06T01:48:27","date_gmt":"2026-04-06T01:48:27","guid":{"rendered":"https:\/\/navdarlarmobilya.com\/?page_id=102"},"modified":"2026-04-06T01:48:27","modified_gmt":"2026-04-06T01:48:27","slug":"mutfak-mobilyasi","status":"publish","type":"page","link":"https:\/\/navdarlarmobilya.com\/?page_id=102","title":{"rendered":"Mutfak Mobilyas\u0131"},"content":{"rendered":"\n<p>Navdarlar Mobilya olarak \u015f\u0131k ve fonksiyonel mutfak mobilyalar\u0131 sunuyoruz. Kaliteli malzemeler ve ince i\u015f\u00e7ilikle \u00fcretilen mutfak mobilyalar\u0131m\u0131z, mutfa\u011f\u0131n\u0131z\u0131 hem estetik hem de kullan\u0131\u015fl\u0131 bir mek\u00e2na d\u00f6n\u00fc\u015ft\u00fcr\u00fcr. Do\u011fal ah\u015fap ve modern dokunu\u015flarla tasarlanan \u00fcr\u00fcnlerimiz, her zevke hitap etmektedir.<\/p>\n","protected":false},"excerpt":{"rendered":"<p>Navdarlar Mobilya olarak \u015f\u0131k ve fonksiyonel mutfak mobilyalar\u0131 sunuyoruz. Kaliteli malzemeler ve ince i\u015f\u00e7ilikle \u00fcretilen mutfak mobilyalar\u0131m\u0131z, mutfa\u011f\u0131n\u0131z\u0131 hem estetik hem de kullan\u0131\u015fl\u0131 bir mek\u00e2na d\u00f6n\u00fc\u015ft\u00fcr\u00fcr. Do\u011fal ah\u015fap ve modern dokunu\u015flarla tasarlanan \u00fcr\u00fcnlerimiz, her zevke hitap etmektedir.<\/p>\n","protected":false},"author":1,"featured_media":0,"parent":0,"menu_order":0,"comment_status":"closed","ping_status":"closed","template":"","meta":{"footnotes":""},"class_list":["post-102","page","type-page","status-publish","hentry"],"_links":{"self":[{"href":"https:\/\/navdarlarmobilya.com\/index.php?rest_route=\/wp\/v2\/pages\/102","targetHints":{"allow":["GET"]}}],"collection":[{"href":"https:\/\/navdarlarmobilya.com\/index.php?rest_route=\/wp\/v2\/pages"}],"about":[{"href":"https:\/\/navdarlarmobilya.com\/index.php?rest_route=\/wp\/v2\/types\/page"}],"author":[{"embeddable":true,"href":"https:\/\/navdarlarmobilya.com\/index.php?rest_route=\/wp\/v2\/users\/1"}],"replies":[{"embeddable":true,"href":"https:\/\/navdarlarmobilya.com\/index.php?rest_route=%2Fwp%2Fv2%2Fcomments&post=102"}],"version-history":[{"count":1,"href":"https:\/\/navdarlarmobilya.com\/index.php?rest_route=\/wp\/v2\/pages\/102\/revisions"}],"predecessor-version":[{"id":103,"href":"https:\/\/navdarlarmobilya.com\/index.php?rest_route=\/wp\/v2\/pages\/102\/revisions\/103"}],"wp:attachment":[{"href":"https:\/\/navdarlarmobilya.com\/index.php?rest_route=%2Fwp%2Fv2%2Fmedia&parent=102"}],"curies":[{"name":"wp","href":"https:\/\/api.w.org\/{rel}","templated":true}]}}